{"id":1489,"date":"2020-09-17T16:50:17","date_gmt":"2020-09-17T16:50:17","guid":{"rendered":"http:\/\/test.com\/product\/bondit-mont\/"},"modified":"2022-03-15T13:37:42","modified_gmt":"2022-03-15T10:37:42","slug":"bondit-mont","status":"publish","type":"product","link":"https:\/\/besmartpro.com\/en\/products\/bondit-mont\/","title":{"rendered":"Kap\u00fc\u015fonlu Mont"},"content":{"rendered":"<p>D\u0131\u015f Kuma\u015f Se\u00e7enekleri: Sotina \/ Tafette \/ Bondit \/ Mikro Polyester<br \/>\n\u0130\u00e7 Kuma\u015f Se\u00e7enekleri: Polar \/ Kapitone \/ Polyester<br \/>\n\u0130ste\u011fe ba\u011fl\u0131 olarak kollar\u0131 \u00e7\u0131kar\u0131labilir \u00fcretim<br \/>\nBeden S-M-L-XL-XXL-3XL<br \/>\nFarkl\u0131 renk se\u00e7enekleri ile \u00fcretim<\/p>\n<p>Bask\u0131 tipi: Emprime, Transfer, Nak\u0131\u015f<\/p>\n","protected":false},"excerpt":{"rendered":"<p>D\u0131\u015f Kuma\u015f Se\u00e7enekleri: Sotina \/ Tafette \/ Bondit \/ Mikro Polyester<br \/>\n\u0130\u00e7 Kuma\u015f Se\u00e7enekleri: Polar \/ Kapitone \/ Polyester<br \/>\n\u0130ste\u011fe ba\u011fl\u0131 olarak kollar\u0131 \u00e7\u0131kar\u0131labilir \u00fcretim<br \/>\nBeden S-M-L-XL-XXL-3XL<br \/>\nFarkl\u0131 renk se\u00e7enekleri ile \u00fcretim<\/p>\n<p>Bask\u0131 tipi: Emprime, Transfer, Nak\u0131\u015f<\/p>\n","protected":false},"featured_media":10296,"template":"","meta":[],"product_brand":[],"product_cat":[63],"product_tag":[690,400],"class_list":{"0":"post-1489","1":"product","2":"type-product","3":"status-publish","4":"has-post-thumbnail","6":"product_cat-mont","7":"product_tag-kapusonlu-mont","8":"product_tag-kislik-is-kiyafetleri","10":"first","11":"instock","12":"product-type-simple"},"_links":{"self":[{"href":"https:\/\/besmartpro.com\/en\/wp-json\/wp\/v2\/product\/1489","targetHints":{"allow":["GET"]}}],"collection":[{"href":"https:\/\/besmartpro.com\/en\/wp-json\/wp\/v2\/product"}],"about":[{"href":"https:\/\/besmartpro.com\/en\/wp-json\/wp\/v2\/types\/product"}],"version-history":[{"count":0,"href":"https:\/\/besmartpro.com\/en\/wp-json\/wp\/v2\/product\/1489\/revisions"}],"wp:featuredmedia":[{"embeddable":true,"href":"https:\/\/besmartpro.com\/en\/wp-json\/wp\/v2\/media\/10296"}],"wp:attachment":[{"href":"https:\/\/besmartpro.com\/en\/wp-json\/wp\/v2\/media?parent=1489"}],"wp:term":[{"taxonomy":"product_brand","embeddable":true,"href":"https:\/\/besmartpro.com\/en\/wp-json\/wp\/v2\/product_brand?post=1489"},{"taxonomy":"product_cat","embeddable":true,"href":"https:\/\/besmartpro.com\/en\/wp-json\/wp\/v2\/product_cat?post=1489"},{"taxonomy":"product_tag","embeddable":true,"href":"https:\/\/besmartpro.com\/en\/wp-json\/wp\/v2\/product_tag?post=1489"}],"curies":[{"name":"wp","href":"https:\/\/api.w.org\/{rel}","templated":true}]}}