{"id":13176,"date":"2022-01-04T12:52:36","date_gmt":"2022-01-04T09:52:36","guid":{"rendered":"https:\/\/besmartpro.com\/?page_id=13176"},"modified":"2026-01-27T23:28:03","modified_gmt":"2026-01-27T20:28:03","slug":"contact-us","status":"publish","type":"page","link":"https:\/\/besmartpro.com\/en\/contact-us\/","title":{"rendered":"Contact Us"},"content":{"rendered":"\t\t<div data-elementor-type=\"wp-page\" data-elementor-id=\"13176\" class=\"elementor elementor-13176\" data-elementor-post-type=\"page\">\n\t\t\t\t\t\t<section class=\"wd-negative-gap elementor-section elementor-top-section elementor-element elementor-element-0d82983 elementor-section-boxed elementor-section-height-default elementor-section-height-default\" data-id=\"0d82983\" data-element_type=\"section\" data-e-type=\"section\">\n\t\t\t\t\t\t<div class=\"elementor-container elementor-column-gap-default\">\n\t\t\t\t\t<div class=\"elementor-column elementor-col-100 elementor-top-column elementor-element elementor-element-b26edff\" data-id=\"b26edff\" data-element_type=\"column\" data-e-type=\"column\">\n\t\t\t<div class=\"elementor-widget-wrap elementor-element-populated\">\n\t\t\t\t\t\t<div class=\"elementor-element elementor-element-7e76a45 text-center elementor-drop-cap-yes color-scheme-inherit elementor-drop-cap-view-default elementor-widget elementor-widget-text-editor\" data-id=\"7e76a45\" data-element_type=\"widget\" data-e-type=\"widget\" data-settings=\"{&quot;drop_cap&quot;:&quot;yes&quot;}\" data-widget_type=\"text-editor.default\">\n\t\t\t\t<div class=\"elementor-widget-container\">\n\t\t\t\t\t\t\t\t\t<p><span style=\"font-size: 17px;\">Please feel free to contact us \u0131f you have any INQUIRY, quest\u0131on, QUERY OR PRODUCTS REQUIRED<\/span><\/p>\t\t\t\t\t\t\t\t<\/div>\n\t\t\t\t<\/div>\n\t\t\t\t<div class=\"elementor-element elementor-element-d7008ca elementor-widget elementor-widget-heading\" data-id=\"d7008ca\" data-element_type=\"widget\" data-e-type=\"widget\" data-widget_type=\"heading.default\">\n\t\t\t\t<div class=\"elementor-widget-container\">\n\t\t\t\t\t<h2 class=\"elementor-heading-title elementor-size-default\">Contact Form<\/h2>\t\t\t\t<\/div>\n\t\t\t\t<\/div>\n\t\t\t\t<section class=\"wd-negative-gap elementor-section elementor-inner-section elementor-element elementor-element-bdf24f2 elementor-section-boxed elementor-section-height-default elementor-section-height-default\" data-id=\"bdf24f2\" data-element_type=\"section\" data-e-type=\"section\">\n\t\t\t\t\t\t<div class=\"elementor-container elementor-column-gap-default\">\n\t\t\t\t\t<div class=\"elementor-column elementor-col-50 elementor-inner-column elementor-element elementor-element-dc83786\" data-id=\"dc83786\" data-element_type=\"column\" data-e-type=\"column\">\n\t\t\t<div class=\"elementor-widget-wrap elementor-element-populated\">\n\t\t\t\t\t\t<div class=\"elementor-element elementor-element-c2928e7 wd-cf7 elementor-widget elementor-widget-wd_contact_form_7\" data-id=\"c2928e7\" data-element_type=\"widget\" data-e-type=\"widget\" data-widget_type=\"wd_contact_form_7.default\">\n\t\t\t\t<div class=\"elementor-widget-container\">\n\t\t\t\t\t\n<div class=\"wpcf7 no-js\" id=\"wpcf7-f13686-o1\" lang=\"en-US\" dir=\"ltr\" data-wpcf7-id=\"13686\">\n<div class=\"screen-reader-response\"><p role=\"status\" aria-live=\"polite\" aria-atomic=\"true\"><\/p> <ul><\/ul><\/div>\n<form action=\"\/en\/wp-json\/wp\/v2\/pages\/13176#wpcf7-f13686-o1\" method=\"post\" class=\"wpcf7-form init\" aria-label=\"Contact form\" novalidate=\"novalidate\" data-status=\"init\">\n<fieldset class=\"hidden-fields-container\"><input type=\"hidden\" name=\"_wpcf7\" value=\"13686\" \/><input type=\"hidden\" name=\"_wpcf7_version\" value=\"6.1.5\" \/><input type=\"hidden\" name=\"_wpcf7_locale\" value=\"en_US\" \/><input type=\"hidden\" name=\"_wpcf7_unit_tag\" value=\"wpcf7-f13686-o1\" \/><input type=\"hidden\" name=\"_wpcf7_container_post\" value=\"0\" \/><input type=\"hidden\" name=\"_wpcf7_posted_data_hash\" value=\"\" \/>\n<\/fieldset>\n<p><span class=\"wpcf7-form-control-wrap\" data-name=\"your-name\"><input size=\"40\" maxlength=\"400\" class=\"wpcf7-form-control wpcf7-text wpcf7-validates-as-required\" id=\"form-name\" aria-required=\"true\" aria-invalid=\"false\" placeholder=\"Name (required)\" value=\"\" type=\"text\" name=\"your-name\" \/><\/span>\n<\/p>\n<p><span class=\"wpcf7-form-control-wrap\" data-name=\"your-surname\"><input size=\"40\" maxlength=\"400\" class=\"wpcf7-form-control wpcf7-text wpcf7-validates-as-required\" aria-required=\"true\" aria-invalid=\"false\" placeholder=\"Surname (required)\" value=\"\" type=\"text\" name=\"your-surname\" \/><\/span>\n<\/p>\n<p><span class=\"wpcf7-form-control-wrap\" data-name=\"your-organisation-company\"><input size=\"40\" maxlength=\"400\" class=\"wpcf7-form-control wpcf7-text wpcf7-validates-as-required\" aria-required=\"true\" aria-invalid=\"false\" placeholder=\"Organisation\/Company (required)\" value=\"\" type=\"text\" name=\"your-organisation-company\" \/><\/span>\n<\/p>\n<p><span class=\"wpcf7-form-control-wrap\" data-name=\"your-email\"><input size=\"40\" maxlength=\"400\" class=\"wpcf7-form-control wpcf7-email wpcf7-validates-as-required wpcf7-text wpcf7-validates-as-email\" id=\"form-email\" aria-required=\"true\" aria-invalid=\"false\" placeholder=\"E-mail (required)\" value=\"\" type=\"email\" name=\"your-email\" \/><\/span>\n<\/p>\n<p><span class=\"wpcf7-form-control-wrap\" data-name=\"your-subject\"><input size=\"40\" maxlength=\"400\" class=\"wpcf7-form-control wpcf7-text wpcf7-validates-as-required\" id=\"form-subject\" aria-required=\"true\" aria-invalid=\"false\" placeholder=\"Subject (required)\" value=\"\" type=\"text\" name=\"your-subject\" \/><\/span>\n<\/p>\n<p><span class=\"wpcf7-form-control-wrap\" data-name=\"your-message\"><textarea cols=\"40\" rows=\"4\" maxlength=\"2000\" class=\"wpcf7-form-control wpcf7-textarea form-control\" id=\"textarea\" aria-invalid=\"false\" placeholder=\"Your message\" name=\"your-message\"><\/textarea><\/span>\n<\/p>\n<p><input class=\"wpcf7-form-control wpcf7-submit has-spinner btn btn-default btn-sm\" type=\"submit\" value=\"Submit\" \/>\n<\/p><div class=\"wpcf7-response-output\" aria-hidden=\"true\"><\/div>\n<\/form>\n<\/div>\n\t\t\t\t<\/div>\n\t\t\t\t<\/div>\n\t\t\t\t\t<\/div>\n\t\t<\/div>\n\t\t\t\t<div class=\"elementor-column elementor-col-50 elementor-inner-column elementor-element elementor-element-fd553d2\" data-id=\"fd553d2\" data-element_type=\"column\" data-e-type=\"column\">\n\t\t\t<div class=\"elementor-widget-wrap elementor-element-populated\">\n\t\t\t\t\t\t<div class=\"elementor-element elementor-element-89ae823 elementor-widget elementor-widget-google_maps\" data-id=\"89ae823\" data-element_type=\"widget\" data-e-type=\"widget\" data-widget_type=\"google_maps.default\">\n\t\t\t\t<div class=\"elementor-widget-container\">\n\t\t\t\t\t\t\t<div class=\"elementor-custom-embed\">\n\t\t\t<iframe loading=\"lazy\"\n\t\t\t\t\tsrc=\"https:\/\/maps.google.com\/maps?q=Tuna%20Mh.%2C%20Sanat%20Caddesi%2C%20No%3A17%2F216%2C%20Sel%C3%A7uklu%20%C4%B0%C5%9F%20Merkezi%2C%2035090%20Bornova%2F%C4%B0zmir&#038;t=m&#038;z=15&#038;output=embed&#038;iwloc=near\"\n\t\t\t\t\ttitle=\"Tuna Mh., Sanat Caddesi, No:17\/216, Sel\u00e7uklu \u0130\u015f Merkezi, 35090 Bornova\/\u0130zmir\"\n\t\t\t\t\taria-label=\"Tuna Mh., Sanat Caddesi, No:17\/216, Sel\u00e7uklu \u0130\u015f Merkezi, 35090 Bornova\/\u0130zmir\"\n\t\t\t><\/iframe>\n\t\t<\/div>\n\t\t\t\t\t\t<\/div>\n\t\t\t\t<\/div>\n\t\t\t\t\t<\/div>\n\t\t<\/div>\n\t\t\t\t\t<\/div>\n\t\t<\/section>\n\t\t\t\t\t<\/div>\n\t\t<\/div>\n\t\t\t\t\t<\/div>\n\t\t<\/section>\n\t\t\t\t<section class=\"wd-negative-gap elementor-section elementor-top-section elementor-element elementor-element-4e2864f elementor-section-boxed elementor-section-height-default elementor-section-height-default\" data-id=\"4e2864f\" data-element_type=\"section\" data-e-type=\"section\">\n\t\t\t\t\t\t<div class=\"elementor-container elementor-column-gap-default\">\n\t\t\t\t\t<div class=\"elementor-column elementor-col-100 elementor-top-column elementor-element elementor-element-fcefab4\" data-id=\"fcefab4\" data-element_type=\"column\" data-e-type=\"column\">\n\t\t\t<div class=\"elementor-widget-wrap elementor-element-populated\">\n\t\t\t\t\t\t<div class=\"elementor-element elementor-element-13adfa0 text-center color-scheme-inherit elementor-widget elementor-widget-text-editor\" data-id=\"13adfa0\" data-element_type=\"widget\" data-e-type=\"widget\" data-widget_type=\"text-editor.default\">\n\t\t\t\t<div class=\"elementor-widget-container\">\n\t\t\t\t\t\t\t\t\t<h4 style=\"margin-bottom: var(--wd-tags-margin-bottom); font-style: normal; font-variant-ligatures: normal; font-variant-caps: normal; font-weight: var(--wd-title-font-weight); font-family: var(--wd-title-font); text-transform: none;\"><span style=\"background-color: #ffda18; color: var(--wd-title-color); text-transform: var(--wd-title-transform);\">BE SMART PROMOSYON TEKST\u0130L SAN. VE T\u0130C. LTD. \u015eT\u0130.&nbsp;<\/span><\/h4>\n<h4 style=\"margin-bottom: var(--wd-tags-margin-bottom); font-style: normal; font-variant-ligatures: normal; font-variant-caps: normal; font-weight: var(--wd-title-font-weight); font-family: var(--wd-title-font); text-transform: none;\"><span style=\"font-size: 16px; background-color: #ffda18;\"><br><\/span><\/h4><h4 style=\"margin-bottom: var(--wd-tags-margin-bottom); font-style: normal; font-variant-ligatures: normal; font-variant-caps: normal; font-weight: var(--wd-title-font-weight); font-family: var(--wd-title-font); text-transform: none;\"><span style=\"font-size: 16px; background-color: #ffda18;\">Head Office<\/span><\/h4>\n<div id=\"WRWHOISInstalled\" style=\"display: none;\">&nbsp;<\/div>\n<div id=\"WRWHOISInstalled\" style=\"display: none;\">&nbsp;<\/div>\t\t\t\t\t\t\t\t<\/div>\n\t\t\t\t<\/div>\n\t\t\t\t<div class=\"elementor-element elementor-element-e06a6c9 text-center color-scheme-inherit elementor-widget elementor-widget-text-editor\" data-id=\"e06a6c9\" data-element_type=\"widget\" data-e-type=\"widget\" data-widget_type=\"text-editor.default\">\n\t\t\t\t<div class=\"elementor-widget-container\">\n\t\t\t\t\t\t\t\t\t<p><strong style=\"font-size: 14px; color: var( --e-global-color-text );\">Address:<\/strong><span style=\"font-size: 14px; color: var( --e-global-color-text );\"> Tuna Mh. Sanat Cad. No:17\/112\u00a0<\/span><span style=\"font-size: 14px; color: var( --e-global-color-text );\">Bornova\/\u0130ZM\u0130R 35090\u00a0<\/span><span style=\"color: var( --e-global-color-text ); font-size: 14px;\">TURKEY<\/span><\/p><p><strong style=\"font-size: 14px; color: var( --e-global-color-text );\">E-mail:<\/strong>\u00a0info@besmartpro.com<\/p><p><span style=\"font-size: 14px; color: var( --e-global-color-text );\"><b>Muhasebe\/Accounting:<\/b> muhasebe@besmartpro.com<\/span><\/p><p><strong>Tel:<\/strong> <a href=\"tel:+902324493216\">+90 232 449 32 16<\/a><\/p><div style=\"display: none;\">\u00a0<\/div><div style=\"display: none;\">\u00a0<\/div><div style=\"display: none;\">\u00a0<\/div><div style=\"display: none;\">\u00a0<\/div><div style=\"display: none;\">\u00a0<\/div><div style=\"display: none;\">\u00a0<\/div>\t\t\t\t\t\t\t\t<\/div>\n\t\t\t\t<\/div>\n\t\t\t\t\t<\/div>\n\t\t<\/div>\n\t\t\t\t\t<\/div>\n\t\t<\/section>\n\t\t\t\t<\/div>\n\t\t","protected":false},"excerpt":{"rendered":"<p>Please feel free to contact us \u0131f you have any INQUIRY, quest\u0131on, QUERY OR PRODUCTS REQUIRED Contact Form BE SMART<\/p>\n","protected":false},"author":3,"featured_media":0,"parent":0,"menu_order":0,"comment_status":"closed","ping_status":"closed","template":"","meta":{"footnotes":""},"class_list":["post-13176","page","type-page","status-publish","hentry"],"_links":{"self":[{"href":"https:\/\/besmartpro.com\/en\/wp-json\/wp\/v2\/pages\/13176","targetHints":{"allow":["GET"]}}],"collection":[{"href":"https:\/\/besmartpro.com\/en\/wp-json\/wp\/v2\/pages"}],"about":[{"href":"https:\/\/besmartpro.com\/en\/wp-json\/wp\/v2\/types\/page"}],"author":[{"embeddable":true,"href":"https:\/\/besmartpro.com\/en\/wp-json\/wp\/v2\/users\/3"}],"replies":[{"embeddable":true,"href":"https:\/\/besmartpro.com\/en\/wp-json\/wp\/v2\/comments?post=13176"}],"version-history":[{"count":0,"href":"https:\/\/besmartpro.com\/en\/wp-json\/wp\/v2\/pages\/13176\/revisions"}],"wp:attachment":[{"href":"https:\/\/besmartpro.com\/en\/wp-json\/wp\/v2\/media?parent=13176"}],"curies":[{"name":"wp","href":"https:\/\/api.w.org\/{rel}","templated":true}]}}